{"id":212,"date":"2017-01-27T09:22:32","date_gmt":"2017-01-27T08:22:32","guid":{"rendered":"http:\/\/carmeneberz.nl\/wp\/?page_id=212\/"},"modified":"2024-06-19T13:12:11","modified_gmt":"2024-06-19T11:12:11","slug":"carmen-eberz","status":"publish","type":"page","link":"https:\/\/carmeneberz.nl\/en\/","title":{"rendered":"Violin lessons in Amsterdam"},"content":{"rendered":"<p>A refined technique, a lovely tone, a sense of phrasing and being at ease on the stage: these are the essentials violin teacher Carmen Eberz aims to impart to her students.<\/p>\n<p>Carmen teaches the violin to children of all ages in Amsterdam, where her lessons take place once or twice a week on an individual basis.<\/p>\n<p>Carmen\u2019s pupils also perform regularly, always accompanied by a professional pianist. These occasions provide them with the opportunity to listen to other students, to discover new pieces of music, and to become accustomed to playing in front of an audience. These afternoon performances are open to the public.<\/p>\n<p>Once a year, Carmen stages a large ensemble project, giving her pupils the experience and joy of playing in a real orchestra.<\/p>\n<p>An important part of Carmen\u2019s professional activities include research on violin playing techniques and violin methodology. In 2012 Part One of her violin method <a href=\"http:\/\/zospeelikviool.nl\" target=\"_blank\" rel=\"noopener\">Zo speel ik viool<\/a> (This Is How I Play the Violin) was published. Part Two was released in 2014.<\/p>\n<p>Today, Zo speel ik viool is the most widely used violin method in the Netherlands. Each year, over a thousand children start their violin studies with the first part of Zo speel ik viool.<\/p>\n<p>Part Three of the method is still in progress, and will be published in 2018.<\/p>\n<p>Carmen Eberz studied the violin at the conservatories of Amsterdam and Rotterdam. Her teachers were Bouw Lemkes, Istv\u00e1n P\u00e1rk\u00e1nyi, and Natascha Morozova.<\/p>\n<p>She was taught methodology by Coosje Wijzenbeek.<\/p>\n","protected":false},"excerpt":{"rendered":"<p>A refined technique, a lovely tone, a sense of phrasing and being at ease on the stage: these are the essentials violin teacher Carmen Eberz aims to impart to her students. Carmen teaches the violin to children of all ages in Amsterdam, where her lessons take place once or twice a week on an individual &hellip; <a href=\"https:\/\/carmeneberz.nl\/en\/\" class=\"more-link\">Continue reading<span class=\"screen-reader-text\"> &#8220;Violin lessons in Amsterdam&#8221;<\/span><\/a><\/p>\n","protected":false},"author":1,"featured_media":0,"parent":0,"menu_order":2,"comment_status":"closed","ping_status":"closed","template":"","meta":{"footnotes":""},"class_list":["post-212","page","type-page","status-publish","hentry"],"yoast_head":"<!-- This site is optimized with the Yoast SEO plugin v27.4 - https:\/\/yoast.com\/product\/yoast-seo-wordpress\/ -->\n<title>Violin lessons in Amsterdam - Carmen Eberz<\/title>\n<meta name=\"description\" content=\"A refined technique, a lovely tone, a sense of phrasing and being at ease on the stage: these are the essentials violin teacher Carmen Eberz aims to impart to her students.Carmen teaches the violin to children of all ages in Amsterdam, where her lessons take place once or twice a week on an individual basis.\" \/>\n<meta name=\"robots\" content=\"index, follow, max-snippet:-1, max-image-preview:large, max-video-preview:-1\" \/>\n<link rel=\"canonical\" href=\"https:\/\/carmeneberz.nl\/en\/\" \/>\n<meta property=\"og:locale\" content=\"en_US\" \/>\n<meta property=\"og:type\" content=\"article\" \/>\n<meta property=\"og:title\" content=\"Violin lessons in Amsterdam - Carmen Eberz\" \/>\n<meta property=\"og:description\" content=\"A refined technique, a lovely tone, a sense of phrasing and being at ease on the stage: these are the essentials violin teacher Carmen Eberz aims to impart to her students.Carmen teaches the violin to children of all ages in Amsterdam, where her lessons take place once or twice a week on an individual basis.\" \/>\n<meta property=\"og:url\" content=\"https:\/\/carmeneberz.nl\/en\/\" \/>\n<meta property=\"og:site_name\" content=\"Carmen Eberz\" \/>\n<meta property=\"article:modified_time\" content=\"2024-06-19T11:12:11+00:00\" \/>\n<meta property=\"og:image\" content=\"https:\/\/carmeneberz.nl\/wp\/wp-content\/uploads\/2017\/01\/CE-breed.png\" \/>\n\t<meta property=\"og:image:width\" content=\"750\" \/>\n\t<meta property=\"og:image:height\" content=\"500\" \/>\n\t<meta property=\"og:image:type\" content=\"image\/png\" \/>\n<meta name=\"twitter:card\" content=\"summary_large_image\" \/>\n<meta name=\"twitter:label1\" content=\"Est. reading time\" \/>\n\t<meta name=\"twitter:data1\" content=\"1 minute\" \/>\n<script type=\"application\/ld+json\" class=\"yoast-schema-graph\">{\"@context\":\"https:\\\/\\\/schema.org\",\"@graph\":[{\"@type\":\"WebPage\",\"@id\":\"https:\\\/\\\/carmeneberz.nl\\\/en\\\/\",\"url\":\"https:\\\/\\\/carmeneberz.nl\\\/en\\\/\",\"name\":\"Violin lessons in Amsterdam - Carmen Eberz\",\"isPartOf\":{\"@id\":\"https:\\\/\\\/carmeneberz.nl\\\/#website\"},\"datePublished\":\"2017-01-27T08:22:32+00:00\",\"dateModified\":\"2024-06-19T11:12:11+00:00\",\"description\":\"A refined technique, a lovely tone, a sense of phrasing and being at ease on the stage: these are the essentials violin teacher Carmen Eberz aims to impart to her students.Carmen teaches the violin to children of all ages in Amsterdam, where her lessons take place once or twice a week on an individual basis.\",\"breadcrumb\":{\"@id\":\"https:\\\/\\\/carmeneberz.nl\\\/en\\\/#breadcrumb\"},\"inLanguage\":\"en-US\",\"potentialAction\":[{\"@type\":\"ReadAction\",\"target\":[\"https:\\\/\\\/carmeneberz.nl\\\/en\\\/\"]}]},{\"@type\":\"BreadcrumbList\",\"@id\":\"https:\\\/\\\/carmeneberz.nl\\\/en\\\/#breadcrumb\",\"itemListElement\":[{\"@type\":\"ListItem\",\"position\":1,\"name\":\"Home\",\"item\":\"https:\\\/\\\/carmeneberz.nl\\\/en\\\/\"},{\"@type\":\"ListItem\",\"position\":2,\"name\":\"Violin lessons in Amsterdam\"}]},{\"@type\":\"WebSite\",\"@id\":\"https:\\\/\\\/carmeneberz.nl\\\/#website\",\"url\":\"https:\\\/\\\/carmeneberz.nl\\\/\",\"name\":\"Carmen Eberz\",\"description\":\"Vioolles in Amsterdam Oost\",\"publisher\":{\"@id\":\"https:\\\/\\\/carmeneberz.nl\\\/#organization\"},\"alternateName\":\"Vioolles in Amsterdam aan kinderen van alle leeftijden\",\"potentialAction\":[{\"@type\":\"SearchAction\",\"target\":{\"@type\":\"EntryPoint\",\"urlTemplate\":\"https:\\\/\\\/carmeneberz.nl\\\/?s={search_term_string}\"},\"query-input\":{\"@type\":\"PropertyValueSpecification\",\"valueRequired\":true,\"valueName\":\"search_term_string\"}}],\"inLanguage\":\"en-US\"},{\"@type\":\"Organization\",\"@id\":\"https:\\\/\\\/carmeneberz.nl\\\/#organization\",\"name\":\"Carmen Eberz viool docente\",\"url\":\"https:\\\/\\\/carmeneberz.nl\\\/\",\"logo\":{\"@type\":\"ImageObject\",\"inLanguage\":\"en-US\",\"@id\":\"https:\\\/\\\/carmeneberz.nl\\\/#\\\/schema\\\/logo\\\/image\\\/\",\"url\":\"https:\\\/\\\/carmeneberz.nl\\\/wp\\\/wp-content\\\/uploads\\\/2017\\\/01\\\/CE-1.png\",\"contentUrl\":\"https:\\\/\\\/carmeneberz.nl\\\/wp\\\/wp-content\\\/uploads\\\/2017\\\/01\\\/CE-1.png\",\"width\":512,\"height\":512,\"caption\":\"Carmen Eberz viool docente\"},\"image\":{\"@id\":\"https:\\\/\\\/carmeneberz.nl\\\/#\\\/schema\\\/logo\\\/image\\\/\"},\"sameAs\":[\"https:\\\/\\\/www.linkedin.com\\\/in\\\/carmen-eberz-8726084b\"]}]}<\/script>\n<!-- \/ Yoast SEO plugin. -->","yoast_head_json":{"title":"Violin lessons in Amsterdam - Carmen Eberz","description":"A refined technique, a lovely tone, a sense of phrasing and being at ease on the stage: these are the essentials violin teacher Carmen Eberz aims to impart to her students.Carmen teaches the violin to children of all ages in Amsterdam, where her lessons take place once or twice a week on an individual basis.","robots":{"index":"index","follow":"follow","max-snippet":"max-snippet:-1","max-image-preview":"max-image-preview:large","max-video-preview":"max-video-preview:-1"},"canonical":"https:\/\/carmeneberz.nl\/en\/","og_locale":"en_US","og_type":"article","og_title":"Violin lessons in Amsterdam - Carmen Eberz","og_description":"A refined technique, a lovely tone, a sense of phrasing and being at ease on the stage: these are the essentials violin teacher Carmen Eberz aims to impart to her students.Carmen teaches the violin to children of all ages in Amsterdam, where her lessons take place once or twice a week on an individual basis.","og_url":"https:\/\/carmeneberz.nl\/en\/","og_site_name":"Carmen Eberz","article_modified_time":"2024-06-19T11:12:11+00:00","og_image":[{"width":750,"height":500,"url":"https:\/\/carmeneberz.nl\/wp\/wp-content\/uploads\/2017\/01\/CE-breed.png","type":"image\/png"}],"twitter_card":"summary_large_image","twitter_misc":{"Est. reading time":"1 minute"},"schema":{"@context":"https:\/\/schema.org","@graph":[{"@type":"WebPage","@id":"https:\/\/carmeneberz.nl\/en\/","url":"https:\/\/carmeneberz.nl\/en\/","name":"Violin lessons in Amsterdam - Carmen Eberz","isPartOf":{"@id":"https:\/\/carmeneberz.nl\/#website"},"datePublished":"2017-01-27T08:22:32+00:00","dateModified":"2024-06-19T11:12:11+00:00","description":"A refined technique, a lovely tone, a sense of phrasing and being at ease on the stage: these are the essentials violin teacher Carmen Eberz aims to impart to her students.Carmen teaches the violin to children of all ages in Amsterdam, where her lessons take place once or twice a week on an individual basis.","breadcrumb":{"@id":"https:\/\/carmeneberz.nl\/en\/#breadcrumb"},"inLanguage":"en-US","potentialAction":[{"@type":"ReadAction","target":["https:\/\/carmeneberz.nl\/en\/"]}]},{"@type":"BreadcrumbList","@id":"https:\/\/carmeneberz.nl\/en\/#breadcrumb","itemListElement":[{"@type":"ListItem","position":1,"name":"Home","item":"https:\/\/carmeneberz.nl\/en\/"},{"@type":"ListItem","position":2,"name":"Violin lessons in Amsterdam"}]},{"@type":"WebSite","@id":"https:\/\/carmeneberz.nl\/#website","url":"https:\/\/carmeneberz.nl\/","name":"Carmen Eberz","description":"Vioolles in Amsterdam Oost","publisher":{"@id":"https:\/\/carmeneberz.nl\/#organization"},"alternateName":"Vioolles in Amsterdam aan kinderen van alle leeftijden","potentialAction":[{"@type":"SearchAction","target":{"@type":"EntryPoint","urlTemplate":"https:\/\/carmeneberz.nl\/?s={search_term_string}"},"query-input":{"@type":"PropertyValueSpecification","valueRequired":true,"valueName":"search_term_string"}}],"inLanguage":"en-US"},{"@type":"Organization","@id":"https:\/\/carmeneberz.nl\/#organization","name":"Carmen Eberz viool docente","url":"https:\/\/carmeneberz.nl\/","logo":{"@type":"ImageObject","inLanguage":"en-US","@id":"https:\/\/carmeneberz.nl\/#\/schema\/logo\/image\/","url":"https:\/\/carmeneberz.nl\/wp\/wp-content\/uploads\/2017\/01\/CE-1.png","contentUrl":"https:\/\/carmeneberz.nl\/wp\/wp-content\/uploads\/2017\/01\/CE-1.png","width":512,"height":512,"caption":"Carmen Eberz viool docente"},"image":{"@id":"https:\/\/carmeneberz.nl\/#\/schema\/logo\/image\/"},"sameAs":["https:\/\/www.linkedin.com\/in\/carmen-eberz-8726084b"]}]}},"_links":{"self":[{"href":"https:\/\/carmeneberz.nl\/en\/wp-json\/wp\/v2\/pages\/212","targetHints":{"allow":["GET"]}}],"collection":[{"href":"https:\/\/carmeneberz.nl\/en\/wp-json\/wp\/v2\/pages"}],"about":[{"href":"https:\/\/carmeneberz.nl\/en\/wp-json\/wp\/v2\/types\/page"}],"author":[{"embeddable":true,"href":"https:\/\/carmeneberz.nl\/en\/wp-json\/wp\/v2\/users\/1"}],"replies":[{"embeddable":true,"href":"https:\/\/carmeneberz.nl\/en\/wp-json\/wp\/v2\/comments?post=212"}],"version-history":[{"count":3,"href":"https:\/\/carmeneberz.nl\/en\/wp-json\/wp\/v2\/pages\/212\/revisions"}],"predecessor-version":[{"id":555,"href":"https:\/\/carmeneberz.nl\/en\/wp-json\/wp\/v2\/pages\/212\/revisions\/555"}],"wp:attachment":[{"href":"https:\/\/carmeneberz.nl\/en\/wp-json\/wp\/v2\/media?parent=212"}],"curies":[{"name":"wp","href":"https:\/\/api.w.org\/{rel}","templated":true}]}}